{"id":26,"date":"2017-04-26T19:39:47","date_gmt":"2017-04-26T19:39:47","guid":{"rendered":"http:\/\/localhost\/wp\/?page_id=26"},"modified":"2017-05-22T14:50:14","modified_gmt":"2017-05-22T14:50:14","slug":"empresa","status":"publish","type":"page","link":"http:\/\/www.nowcom-srl.com\/site\/empresa\/","title":{"rendered":"EMPRESA"},"content":{"rendered":"<table border=\"0\" width=\"100%\">\n<tbody>\n<tr>\n<td rowspan=\"4\" width=\"26%\"><img loading=\"lazy\" class=\"alignnone size-full wp-image-285\" src=\"http:\/\/www.nowcom-srl.com\/site\/wp-content\/uploads\/2017\/04\/acerca-de-2.jpg\" alt=\"\" width=\"346\" height=\"990\" srcset=\"http:\/\/www.nowcom-srl.com\/site\/wp-content\/uploads\/2017\/04\/acerca-de-2.jpg 346w, http:\/\/www.nowcom-srl.com\/site\/wp-content\/uploads\/2017\/04\/acerca-de-2-105x300.jpg 105w\" sizes=\"(max-width: 346px) 100vw, 346px\" \/><\/td>\n<td colspan=\"2\" width=\"74%\">\n<h6>Acerca de NOWCOM SRL<\/h6>\n<\/td>\n<\/tr>\n<tr>\n<td colspan=\"2\">Con una experiencia de m\u00e1s de 10 a\u00f1os en el mercado, nos orientamos a ser proveedores y socios estrat\u00e9gicos de los principales Operadores y sus Vendors.<\/p>\n<p>Brindamos exitosamente servicios de dise\u00f1o e implementaci\u00f3n de redes de Telecomunicaciones de diversas tecnolog\u00edas, realizando la Instalaci\u00f3n, Integraci\u00f3n y puesta en marcha del equipamiento.<\/p>\n<p>Hoy podemos asegurar la m\u00e1s alta calidad en nuestras instalaciones y mantenimientos, gracias a nuestro equipo de profesionales, orientados a garantizar un total respaldo y atenci\u00f3n personalizada a las necesidades de nuestros clientes, cuya satisfacci\u00f3n es nuestro principal objetivo.<\/td>\n<\/tr>\n<tr>\n<td colspan=\"2\"><\/td>\n<\/tr>\n<tr>\n<td style=\"text-align: center;\" colspan=\"2\">\n<table width=\"80%\">\n<tbody>\n<tr>\n<td width=\"33%\">\n<h6>Misi\u00f3n<\/h6>\n<\/td>\n<td width=\"33%\">\n<h6>Visi\u00f3n<\/h6>\n<\/td>\n<td width=\"34%\">\n<h6>Equipo de trabajo<\/h6>\n<\/td>\n<\/tr>\n<tr>\n<td height=\"86\"><img loading=\"lazy\" class=\"alignnone size-full wp-image-282\" src=\"http:\/\/www.nowcom-srl.com\/site\/wp-content\/uploads\/2017\/04\/mision2.jpg\" alt=\"\" width=\"260\" height=\"170\" \/><\/td>\n<td><img loading=\"lazy\" class=\"alignnone size-full wp-image-287\" src=\"http:\/\/www.nowcom-srl.com\/site\/wp-content\/uploads\/2017\/04\/vision-2.jpg\" alt=\"\" width=\"260\" height=\"170\" \/><\/td>\n<td><img loading=\"lazy\" class=\"alignnone size-full wp-image-289\" src=\"http:\/\/www.nowcom-srl.com\/site\/wp-content\/uploads\/2017\/04\/001-a.jpg\" alt=\"\" width=\"260\" height=\"170\" \/><\/td>\n<\/tr>\n<tr>\n<td rowspan=\"2\" height=\"42\">Brindar servicios y ser los principales socios ante las necesidades de nuestros clientes, destac\u00e1ndonos por nuestra actitud proactiva y\u00a0comprometida en promover la eficiencia en los procesos y recursos, alcanzando \u00f3ptimos niveles de calidad y control, que les permitan incrementar su productividad y lograr una mejor posici\u00f3n competitiva en el mercado.<\/td>\n<td>Ser un Referente\u00a0 tecnol\u00f3gico y una Empresa Lider a nivel Nacional e Internacional\u00a0 en el \u00e1rea de las Telecomunicaciones.\u00a0 Proveer Servicios y productos que permita a\u00a0 nuestros clientes el desarrollo de sus proyectos, asegurando un \u00e9xito perdurable y una relaci\u00f3n s\u00f3lida a largo plazo.<\/p>\n<div dir=\"auto\"><\/div>\n<\/td>\n<td>La experiencia lograda a trav\u00e9s de los a\u00f1os de trabajo en el rubro de las Telecomunicaciones y las Construcciones nos demuestra que es altamente productivo para nosotros y significativo para el cliente seguir apostando a esta conciencia personal y empresarial de \u201chacer las cosas bien para seguir bien\u201d.<\/td>\n<\/tr>\n<tr>\n<td><\/td>\n<td><\/td>\n<\/tr>\n<tr>\n<td height=\"42\"><\/td>\n<td><\/td>\n<td><\/td>\n<\/tr>\n<\/tbody>\n<\/table>\n<\/td>\n<\/tr>\n<\/tbody>\n<\/table>\n<p><img loading=\"lazy\" class=\"aligncenter size-full wp-image-295\" src=\"http:\/\/www.nowcom-srl.com\/site\/wp-content\/uploads\/2017\/04\/logos-3.png\" alt=\"\" width=\"1400\" height=\"104\" srcset=\"http:\/\/www.nowcom-srl.com\/site\/wp-content\/uploads\/2017\/04\/logos-3.png 1400w, http:\/\/www.nowcom-srl.com\/site\/wp-content\/uploads\/2017\/04\/logos-3-300x22.png 300w, http:\/\/www.nowcom-srl.com\/site\/wp-content\/uploads\/2017\/04\/logos-3-768x57.png 768w, http:\/\/www.nowcom-srl.com\/site\/wp-content\/uploads\/2017\/04\/logos-3-1024x76.png 1024w\" sizes=\"(max-width: 1400px) 100vw, 1400px\" \/><\/p>\n","protected":false},"excerpt":{"rendered":"<p>Acerca de NOWCOM SRL Con una experiencia de m\u00e1s de 10 a\u00f1os en el mercado, nos orientamos a ser proveedores y socios estrat\u00e9gicos de los principales Operadores y sus Vendors. Brindamos exitosamente servicios de dise\u00f1o e implementaci\u00f3n de redes de Telecomunicaciones de diversas tecnolog\u00edas, realizando la Instalaci\u00f3n, Integraci\u00f3n y puesta en marcha del equipamiento. Hoy [&hellip;]<\/p>\n","protected":false},"author":1,"featured_media":0,"parent":0,"menu_order":0,"comment_status":"closed","ping_status":"closed","template":"","meta":[],"_links":{"self":[{"href":"http:\/\/www.nowcom-srl.com\/site\/wp-json\/wp\/v2\/pages\/26"}],"collection":[{"href":"http:\/\/www.nowcom-srl.com\/site\/wp-json\/wp\/v2\/pages"}],"about":[{"href":"http:\/\/www.nowcom-srl.com\/site\/wp-json\/wp\/v2\/types\/page"}],"author":[{"embeddable":true,"href":"http:\/\/www.nowcom-srl.com\/site\/wp-json\/wp\/v2\/users\/1"}],"replies":[{"embeddable":true,"href":"http:\/\/www.nowcom-srl.com\/site\/wp-json\/wp\/v2\/comments?post=26"}],"version-history":[{"count":5,"href":"http:\/\/www.nowcom-srl.com\/site\/wp-json\/wp\/v2\/pages\/26\/revisions"}],"predecessor-version":[{"id":297,"href":"http:\/\/www.nowcom-srl.com\/site\/wp-json\/wp\/v2\/pages\/26\/revisions\/297"}],"wp:attachment":[{"href":"http:\/\/www.nowcom-srl.com\/site\/wp-json\/wp\/v2\/media?parent=26"}],"curies":[{"name":"wp","href":"https:\/\/api.w.org\/{rel}","templated":true}]}}